{"id":399,"date":"2022-04-22T17:04:42","date_gmt":"2022-04-22T15:04:42","guid":{"rendered":"https:\/\/www.du-man.net\/wordpress\/?page_id=399"},"modified":"2023-02-07T12:20:46","modified_gmt":"2023-02-07T11:20:46","slug":"arduino","status":"publish","type":"page","link":"https:\/\/www.du-man.net\/wordpress\/arduino\/","title":{"rendered":"Arduino"},"content":{"rendered":"\n<h2 class=\"wp-block-heading\">comment faire ?<\/h2>\n\n\n\n<ul class=\"wp-block-list\"><li><a href=\"https:\/\/www.du-man.net\/wordpress\/?p=1\">Utiliser Arduino avec les \u00e9l\u00e8ves de coll\u00e8ge !<\/a><\/li><li><a href=\"https:\/\/www.du-man.net\/wordpress\/?p=37\">Des plugins Arduino Grove pour mBlock 5\u2026<\/a><\/li><li><a href=\"https:\/\/www.du-man.net\/wordpress\/?p=314\">Envoyer des donn\u00e9es sur internet avec Arduino<\/a><\/li><li><a href=\"https:\/\/www.du-man.net\/wordpress\/?p=449\">Un serveur WEB avec une carte Arduino !!!<\/a><\/li><li><a rel=\"noreferrer noopener\" href=\"https:\/\/icn.lycee-valin.fr\/dokuwiki\/doku.php?id=arduino:module_de_connexion_grove\" target=\"_blank\">Excellente documentation sur les modules Grove de St\u00e9phane Laurent<\/a><\/li><li><a href=\"https:\/\/www.du-man.net\/wordpress\/?p=405\">Ajouter un connecteur Grove \u00e0 un composant.<\/a><\/li><\/ul>\n\n\n\n<h2 class=\"wp-block-heading\">Les maquettes<\/h2>\n\n\n\n<ul class=\"wp-block-list\"><li><a href=\"https:\/\/www.du-man.net\/wordpress\/?p=217\">Gestion d\u2019une biblioth\u00e8que avec Arduino\/RFID<\/a><\/li><li><a href=\"https:\/\/www.du-man.net\/wordpress\/?p=252\">Prototypage rapide avec les modules Grove<\/a><\/li><\/ul>\n\n\n\n<h2 class=\"wp-block-heading\">Les projets<\/h2>\n\n\n\n<ul class=\"wp-block-list\"><li><a href=\"https:\/\/www.du-man.net\/wordpress\/?p=154\">Une station m\u00e9t\u00e9o autonome et connect\u00e9e V1.0<\/a><\/li><li><a href=\"https:\/\/www.du-man.net\/wordpress\/?p=703\">Une station m\u00e9t\u00e9o autonome et connect\u00e9e V2.0<\/a><\/li><\/ul>\n","protected":false},"excerpt":{"rendered":"<p>comment faire ? Utiliser Arduino avec les \u00e9l\u00e8ves de coll\u00e8ge ! Des plugins Arduino Grove pour mBlock 5\u2026 Envoyer des donn\u00e9es sur internet avec Arduino &hellip; <\/p>\n","protected":false},"author":1,"featured_media":0,"parent":0,"menu_order":0,"comment_status":"closed","ping_status":"closed","template":"","meta":{"footnotes":""},"class_list":["post-399","page","type-page","status-publish","hentry"],"_links":{"self":[{"href":"https:\/\/www.du-man.net\/wordpress\/wp-json\/wp\/v2\/pages\/399","targetHints":{"allow":["GET"]}}],"collection":[{"href":"https:\/\/www.du-man.net\/wordpress\/wp-json\/wp\/v2\/pages"}],"about":[{"href":"https:\/\/www.du-man.net\/wordpress\/wp-json\/wp\/v2\/types\/page"}],"author":[{"embeddable":true,"href":"https:\/\/www.du-man.net\/wordpress\/wp-json\/wp\/v2\/users\/1"}],"replies":[{"embeddable":true,"href":"https:\/\/www.du-man.net\/wordpress\/wp-json\/wp\/v2\/comments?post=399"}],"version-history":[{"count":12,"href":"https:\/\/www.du-man.net\/wordpress\/wp-json\/wp\/v2\/pages\/399\/revisions"}],"predecessor-version":[{"id":727,"href":"https:\/\/www.du-man.net\/wordpress\/wp-json\/wp\/v2\/pages\/399\/revisions\/727"}],"wp:attachment":[{"href":"https:\/\/www.du-man.net\/wordpress\/wp-json\/wp\/v2\/media?parent=399"}],"curies":[{"name":"wp","href":"https:\/\/api.w.org\/{rel}","templated":true}]}}